{"id":460,"date":"2022-01-05T14:18:30","date_gmt":"2022-01-05T13:18:30","guid":{"rendered":"https:\/\/mobilefilmfestival.africa\/contato\/"},"modified":"2022-01-05T15:15:06","modified_gmt":"2022-01-05T14:15:06","slug":"contato","status":"publish","type":"page","link":"https:\/\/mobilefilmfestival.africa\/pt-br\/contato\/","title":{"rendered":"Contato"},"content":{"rendered":"<p>A resposta para a sua quest\u00e3o pode estar em nossa se\u00e7\u00e3o de <a href=\"https:\/\/mobilefilmfestival.africa\/pt-br\/qa\/\">Perguntas Frequentes<\/a>! Se ainda assim n\u00e3o encontrar respostas para a sua d\u00favida, contate nossa equipe. Falamos franc\u00eas, ingl\u00eas, espanhol, italiano!<\/p>\n<p>Ao entrar em contato, n\u00e3o esque\u00e7a de indicar seu sobrenome, nome e n\u00famero de telefone.<\/p>\n<p>+ se houver <strong>qualquer dificuldade ao preencher o formul\u00e1rio<\/strong>:<\/p>\n<p>nos explique seu problema em detalhes e indique o(s) navegador(es) utillizado(s).<\/p>\n<p>+ se sua <strong>d\u00favida estiver relacionada a um filme j\u00e1 inscrito<\/strong>:<\/p>\n<p>indique o t\u00edtulo do filme, o nome de usu\u00e1rio e o endere\u00e7o de e-mail utilizados na inscri\u00e7\u00e3o.<\/p>\n","protected":false},"excerpt":{"rendered":"<p>A resposta para a sua quest\u00e3o pode estar em nossa se\u00e7\u00e3o de Perguntas Frequentes! Se ainda assim n\u00e3o encontrar respostas para a sua d\u00favida, contate nossa equipe. Falamos franc\u00eas, ingl\u00eas, espanhol, italiano! Ao entrar em contato, n\u00e3o esque\u00e7a de indicar seu sobrenome, nome e n\u00famero de telefone. + se houver qualquer dificuldade ao preencher o [&hellip;]<\/p>\n","protected":false},"author":1,"featured_media":0,"parent":0,"menu_order":0,"comment_status":"closed","ping_status":"closed","template":"page-templates\/tpl-contact.php","meta":{"footnotes":""},"class_list":["post-460","page","type-page","status-publish","hentry"],"acf":[],"yoast_head":"<!-- This site is optimized with the Yoast SEO plugin v20.1 - https:\/\/yoast.com\/wordpress\/plugins\/seo\/ -->\n<title>Contato - Mobile Film Festival Africa<\/title>\n<meta name=\"robots\" content=\"index, follow, max-snippet:-1, max-image-preview:large, max-video-preview:-1\" \/>\n<link rel=\"canonical\" href=\"https:\/\/mobilefilmfestival.africa\/pt-br\/contato\/\" \/>\n<meta property=\"og:locale\" content=\"pt_BR\" \/>\n<meta property=\"og:type\" content=\"article\" \/>\n<meta property=\"og:title\" content=\"Contato - Mobile Film Festival Africa\" \/>\n<meta property=\"og:description\" content=\"A resposta para a sua quest\u00e3o pode estar em nossa se\u00e7\u00e3o de Perguntas Frequentes! Se ainda assim n\u00e3o encontrar respostas para a sua d\u00favida, contate nossa equipe. Falamos franc\u00eas, ingl\u00eas, espanhol, italiano! Ao entrar em contato, n\u00e3o esque\u00e7a de indicar seu sobrenome, nome e n\u00famero de telefone. + se houver qualquer dificuldade ao preencher o [&hellip;]\" \/>\n<meta property=\"og:url\" content=\"https:\/\/mobilefilmfestival.africa\/pt-br\/contato\/\" \/>\n<meta property=\"og:site_name\" content=\"Mobile Film Festival Africa\" \/>\n<meta property=\"article:publisher\" content=\"https:\/\/www.facebook.com\/MobileFilmFestivalAfrica\" \/>\n<meta property=\"article:modified_time\" content=\"2022-01-05T14:15:06+00:00\" \/>\n<meta property=\"og:image\" content=\"https:\/\/mobilefilmfestival.africa\/wp-content\/uploads\/2023\/02\/aff_mff-africa23_jaune.jpg\" \/>\n\t<meta property=\"og:image:width\" content=\"3508\" \/>\n\t<meta property=\"og:image:height\" content=\"4961\" \/>\n\t<meta property=\"og:image:type\" content=\"image\/jpeg\" \/>\n<meta name=\"twitter:card\" content=\"summary_large_image\" \/>\n<meta name=\"twitter:site\" content=\"@mobilefilmfest\" \/>\n<meta name=\"twitter:label1\" content=\"Est. tempo de leitura\" \/>\n\t<meta name=\"twitter:data1\" content=\"1 minuto\" \/>\n<script type=\"application\/ld+json\" class=\"yoast-schema-graph\">{\"@context\":\"https:\/\/schema.org\",\"@graph\":[{\"@type\":\"WebPage\",\"@id\":\"https:\/\/mobilefilmfestival.africa\/pt-br\/contato\/\",\"url\":\"https:\/\/mobilefilmfestival.africa\/pt-br\/contato\/\",\"name\":\"Contato - Mobile Film Festival Africa\",\"isPartOf\":{\"@id\":\"https:\/\/mobilefilmfestival.africa\/pt-br\/#website\"},\"datePublished\":\"2022-01-05T13:18:30+00:00\",\"dateModified\":\"2022-01-05T14:15:06+00:00\",\"breadcrumb\":{\"@id\":\"https:\/\/mobilefilmfestival.africa\/pt-br\/contato\/#breadcrumb\"},\"inLanguage\":\"pt-BR\",\"potentialAction\":[{\"@type\":\"ReadAction\",\"target\":[\"https:\/\/mobilefilmfestival.africa\/pt-br\/contato\/\"]}]},{\"@type\":\"BreadcrumbList\",\"@id\":\"https:\/\/mobilefilmfestival.africa\/pt-br\/contato\/#breadcrumb\",\"itemListElement\":[{\"@type\":\"ListItem\",\"position\":1,\"name\":\"Accueil\",\"item\":\"https:\/\/mobilefilmfestival.africa\/pt-br\/\"},{\"@type\":\"ListItem\",\"position\":2,\"name\":\"Contato\"}]},{\"@type\":\"WebSite\",\"@id\":\"https:\/\/mobilefilmfestival.africa\/pt-br\/#website\",\"url\":\"https:\/\/mobilefilmfestival.africa\/pt-br\/\",\"name\":\"Mobile Film Festival Africa\",\"description\":\"1 MOBILE, 1 MINUTE, 1 FILM\",\"publisher\":{\"@id\":\"https:\/\/mobilefilmfestival.africa\/pt-br\/#organization\"},\"potentialAction\":[{\"@type\":\"SearchAction\",\"target\":{\"@type\":\"EntryPoint\",\"urlTemplate\":\"https:\/\/mobilefilmfestival.africa\/pt-br\/?s={search_term_string}\"},\"query-input\":\"required name=search_term_string\"}],\"inLanguage\":\"pt-BR\"},{\"@type\":\"Organization\",\"@id\":\"https:\/\/mobilefilmfestival.africa\/pt-br\/#organization\",\"name\":\"Mobile Film Festival Africa\",\"url\":\"https:\/\/mobilefilmfestival.africa\/pt-br\/\",\"logo\":{\"@type\":\"ImageObject\",\"inLanguage\":\"pt-BR\",\"@id\":\"https:\/\/mobilefilmfestival.africa\/pt-br\/#\/schema\/logo\/image\/\",\"url\":\"https:\/\/mobilefilmfestival.africa\/wp-content\/uploads\/2023\/02\/oeil-logo-mff.png\",\"contentUrl\":\"https:\/\/mobilefilmfestival.africa\/wp-content\/uploads\/2023\/02\/oeil-logo-mff.png\",\"width\":313,\"height\":308,\"caption\":\"Mobile Film Festival Africa\"},\"image\":{\"@id\":\"https:\/\/mobilefilmfestival.africa\/pt-br\/#\/schema\/logo\/image\/\"},\"sameAs\":[\"https:\/\/www.facebook.com\/MobileFilmFestivalAfrica\",\"https:\/\/twitter.com\/mobilefilmfest\",\"https:\/\/www.instagram.com\/mobilefilmfest\",\"https:\/\/www.linkedin.com\/company\/mobile-film-festival\/\",\"http:\/\/bit.ly\/MFFAfricawhatsappv\",\"https:\/\/www.tiktok.com\/@mobilefilmfestival\",\"https:\/\/www.youtube.com\/user\/Mobilefilmfestival\"]}]}<\/script>\n<!-- \/ Yoast SEO plugin. -->","yoast_head_json":{"title":"Contato - Mobile Film Festival Africa","robots":{"index":"index","follow":"follow","max-snippet":"max-snippet:-1","max-image-preview":"max-image-preview:large","max-video-preview":"max-video-preview:-1"},"canonical":"https:\/\/mobilefilmfestival.africa\/pt-br\/contato\/","og_locale":"pt_BR","og_type":"article","og_title":"Contato - Mobile Film Festival Africa","og_description":"A resposta para a sua quest\u00e3o pode estar em nossa se\u00e7\u00e3o de Perguntas Frequentes! Se ainda assim n\u00e3o encontrar respostas para a sua d\u00favida, contate nossa equipe. Falamos franc\u00eas, ingl\u00eas, espanhol, italiano! Ao entrar em contato, n\u00e3o esque\u00e7a de indicar seu sobrenome, nome e n\u00famero de telefone. + se houver qualquer dificuldade ao preencher o [&hellip;]","og_url":"https:\/\/mobilefilmfestival.africa\/pt-br\/contato\/","og_site_name":"Mobile Film Festival Africa","article_publisher":"https:\/\/www.facebook.com\/MobileFilmFestivalAfrica","article_modified_time":"2022-01-05T14:15:06+00:00","og_image":[{"width":3508,"height":4961,"url":"https:\/\/mobilefilmfestival.africa\/wp-content\/uploads\/2023\/02\/aff_mff-africa23_jaune.jpg","type":"image\/jpeg"}],"twitter_card":"summary_large_image","twitter_site":"@mobilefilmfest","twitter_misc":{"Est. tempo de leitura":"1 minuto"},"schema":{"@context":"https:\/\/schema.org","@graph":[{"@type":"WebPage","@id":"https:\/\/mobilefilmfestival.africa\/pt-br\/contato\/","url":"https:\/\/mobilefilmfestival.africa\/pt-br\/contato\/","name":"Contato - Mobile Film Festival Africa","isPartOf":{"@id":"https:\/\/mobilefilmfestival.africa\/pt-br\/#website"},"datePublished":"2022-01-05T13:18:30+00:00","dateModified":"2022-01-05T14:15:06+00:00","breadcrumb":{"@id":"https:\/\/mobilefilmfestival.africa\/pt-br\/contato\/#breadcrumb"},"inLanguage":"pt-BR","potentialAction":[{"@type":"ReadAction","target":["https:\/\/mobilefilmfestival.africa\/pt-br\/contato\/"]}]},{"@type":"BreadcrumbList","@id":"https:\/\/mobilefilmfestival.africa\/pt-br\/contato\/#breadcrumb","itemListElement":[{"@type":"ListItem","position":1,"name":"Accueil","item":"https:\/\/mobilefilmfestival.africa\/pt-br\/"},{"@type":"ListItem","position":2,"name":"Contato"}]},{"@type":"WebSite","@id":"https:\/\/mobilefilmfestival.africa\/pt-br\/#website","url":"https:\/\/mobilefilmfestival.africa\/pt-br\/","name":"Mobile Film Festival Africa","description":"1 MOBILE, 1 MINUTE, 1 FILM","publisher":{"@id":"https:\/\/mobilefilmfestival.africa\/pt-br\/#organization"},"potentialAction":[{"@type":"SearchAction","target":{"@type":"EntryPoint","urlTemplate":"https:\/\/mobilefilmfestival.africa\/pt-br\/?s={search_term_string}"},"query-input":"required name=search_term_string"}],"inLanguage":"pt-BR"},{"@type":"Organization","@id":"https:\/\/mobilefilmfestival.africa\/pt-br\/#organization","name":"Mobile Film Festival Africa","url":"https:\/\/mobilefilmfestival.africa\/pt-br\/","logo":{"@type":"ImageObject","inLanguage":"pt-BR","@id":"https:\/\/mobilefilmfestival.africa\/pt-br\/#\/schema\/logo\/image\/","url":"https:\/\/mobilefilmfestival.africa\/wp-content\/uploads\/2023\/02\/oeil-logo-mff.png","contentUrl":"https:\/\/mobilefilmfestival.africa\/wp-content\/uploads\/2023\/02\/oeil-logo-mff.png","width":313,"height":308,"caption":"Mobile Film Festival Africa"},"image":{"@id":"https:\/\/mobilefilmfestival.africa\/pt-br\/#\/schema\/logo\/image\/"},"sameAs":["https:\/\/www.facebook.com\/MobileFilmFestivalAfrica","https:\/\/twitter.com\/mobilefilmfest","https:\/\/www.instagram.com\/mobilefilmfest","https:\/\/www.linkedin.com\/company\/mobile-film-festival\/","http:\/\/bit.ly\/MFFAfricawhatsappv","https:\/\/www.tiktok.com\/@mobilefilmfestival","https:\/\/www.youtube.com\/user\/Mobilefilmfestival"]}]}},"_links":{"self":[{"href":"https:\/\/mobilefilmfestival.africa\/pt-br\/wp-json\/wp\/v2\/pages\/460","targetHints":{"allow":["GET"]}}],"collection":[{"href":"https:\/\/mobilefilmfestival.africa\/pt-br\/wp-json\/wp\/v2\/pages"}],"about":[{"href":"https:\/\/mobilefilmfestival.africa\/pt-br\/wp-json\/wp\/v2\/types\/page"}],"author":[{"embeddable":true,"href":"https:\/\/mobilefilmfestival.africa\/pt-br\/wp-json\/wp\/v2\/users\/1"}],"replies":[{"embeddable":true,"href":"https:\/\/mobilefilmfestival.africa\/pt-br\/wp-json\/wp\/v2\/comments?post=460"}],"version-history":[{"count":1,"href":"https:\/\/mobilefilmfestival.africa\/pt-br\/wp-json\/wp\/v2\/pages\/460\/revisions"}],"predecessor-version":[{"id":526,"href":"https:\/\/mobilefilmfestival.africa\/pt-br\/wp-json\/wp\/v2\/pages\/460\/revisions\/526"}],"wp:attachment":[{"href":"https:\/\/mobilefilmfestival.africa\/pt-br\/wp-json\/wp\/v2\/media?parent=460"}],"curies":[{"name":"wp","href":"https:\/\/api.w.org\/{rel}","templated":true}]}}